{"id":16540,"date":"2018-06-06T04:55:21","date_gmt":"2018-06-06T04:55:21","guid":{"rendered":"https:\/\/armonia.holiday\/acik-riza-metni\/"},"modified":"2023-12-29T18:35:45","modified_gmt":"2023-12-29T18:35:45","slug":"texte-de-consentement-explicite","status":"publish","type":"page","link":"https:\/\/armonia.holiday\/fr\/texte-de-consentement-explicite\/","title":{"rendered":"Texte de Consentement Explicite"},"content":{"rendered":"\t\t<div data-elementor-type=\"wp-page\" data-elementor-id=\"16540\" class=\"elementor elementor-16540\">\n\t\t\t\t\t\t<section class=\"elementor-section elementor-top-section elementor-element elementor-element-2480329d elementor-section-boxed elementor-section-height-default elementor-section-height-default\" data-id=\"2480329d\" data-element_type=\"section\" data-settings=\"{&quot;hoteller_ext_is_background_parallax&quot;:&quot;false&quot;,&quot;hoteller_ext_is_background_on_scroll&quot;:&quot;false&quot;}\">\n\t\t\t\t\t\t<div class=\"elementor-container elementor-column-gap-default\">\n\t\t\t\t\t<div class=\"elementor-column elementor-col-100 elementor-top-column elementor-element elementor-element-43a231fc\" data-id=\"43a231fc\" data-element_type=\"column\" data-settings=\"{&quot;hoteller_ext_link_sidemenu&quot;:&quot;false&quot;,&quot;hoteller_ext_link_fullmenu&quot;:&quot;false&quot;,&quot;hoteller_ext_link_closed_fullmenu&quot;:&quot;false&quot;,&quot;hoteller_ext_is_scrollme&quot;:&quot;false&quot;,&quot;hoteller_ext_is_smoove&quot;:&quot;false&quot;,&quot;hoteller_ext_is_parallax_mouse&quot;:&quot;false&quot;,&quot;hoteller_ext_is_infinite&quot;:&quot;false&quot;,&quot;hoteller_ext_is_fadeout_animation&quot;:&quot;false&quot;,&quot;hoteller_ext_mobile_static&quot;:&quot;false&quot;}\">\n\t\t\t<div class=\"elementor-widget-wrap elementor-element-populated\">\n\t\t\t\t\t\t<div class=\"elementor-element elementor-element-58d5417b elementor-widget elementor-widget-text-editor\" data-id=\"58d5417b\" data-element_type=\"widget\" data-settings=\"{&quot;hoteller_ext_link_sidemenu&quot;:&quot;false&quot;,&quot;hoteller_ext_link_fullmenu&quot;:&quot;false&quot;,&quot;hoteller_ext_link_closed_fullmenu&quot;:&quot;false&quot;,&quot;hoteller_ext_is_scrollme&quot;:&quot;false&quot;,&quot;hoteller_ext_is_smoove&quot;:&quot;false&quot;,&quot;hoteller_ext_is_parallax_mouse&quot;:&quot;false&quot;,&quot;hoteller_ext_is_infinite&quot;:&quot;false&quot;,&quot;hoteller_ext_is_fadeout_animation&quot;:&quot;false&quot;,&quot;hoteller_ext_mobile_static&quot;:&quot;false&quot;}\" data-widget_type=\"text-editor.default\">\n\t\t\t\t<div class=\"elementor-widget-container\">\n\t\t\t\t\t\t\t\t\t<h2 class=\"fusion-responsive-typography-calculated\" data-fontsize=\"26\" data-lineheight=\"43.94px\">D\u00c9CLARATION DE CONSENTEMENT EXPRESSE CONCERNANT LES DONN\u00c9ES PERSONNELLES SP\u00c9CIFIQUES DU PROPRI\u00c9TAIRE DE DONN\u00c9ES<\/h2><p>Par la pr\u00e9sente, j&rsquo;atteste avoir lu le texte de consentement explicite ainsi que la <a href=\"https:\/\/armonia.holiday\/aydinlatma-metni\/\">D\u00e9claration d&rsquo;information<\/a> qui m&rsquo;a \u00e9t\u00e9 \u00e9galement pr\u00e9sent\u00e9e, et j&rsquo;accepte, d\u00e9clare et m&rsquo;engage \u00e0 autoriser pr\u00e9alablement, dans le cadre de la Loi sur la protection des donn\u00e9es personnelles num\u00e9ro 6698, la collecte, l&rsquo;enregistrement, le traitement et la conservation de mes donn\u00e9es de sant\u00e9 par <b>ALTIN G\u00d6K TUR\u0130ST\u0130K TES\u0130SLER\u0130 T\u0130CARET VE SANAY\u0130 A.\u015e.<\/b> conform\u00e9ment aux principes \u00e9nonc\u00e9s dans la l\u00e9gislation en vigueur.<br \/>Ayant pris connaissance de la D\u00e9claration d&rsquo;information de <b>ALTIN G\u00d6K TUR\u0130ST\u0130K TES\u0130SLER\u0130 T\u0130CARET VE SANAY\u0130 A.\u015e.<\/b>, concernant le traitement de mes donn\u00e9es personnelles, les personnes auxquelles elles peuvent \u00eatre divulgu\u00e9es et les raisons de cette divulgation, la m\u00e9thode de collecte de mes donn\u00e9es personnelles, ainsi que la base l\u00e9gale et mes droits, je d\u00e9clare avoir compris ces informations et les accepter de ma propre volont\u00e9.<\/p><p>Conform\u00e9ment \u00e0 la Loi sur la protection des donn\u00e9es personnelles num\u00e9ro 6698, j&rsquo;autorise express\u00e9ment le traitement de mes donn\u00e9es de sant\u00e9 partag\u00e9es avec <b>ALTIN G\u00d6K TUR\u0130ST\u0130K TES\u0130SLER\u0130 T\u0130CARET VE SANAY\u0130 A.\u015e.<\/b>, ainsi que leur utilisation uniquement dans le but de la satisfaction du client, et j&rsquo;autorise, d\u00e9clare et m&rsquo;engage de ma propre volont\u00e9 \u00e0 partager ces donn\u00e9es avec d&rsquo;autres personnes et organisations lorsque cela est n\u00e9cessaire en vertu des r\u00e9glementations pertinentes.<\/p>\t\t\t\t\t\t\t\t<\/div>\n\t\t\t\t<\/div>\n\t\t\t\t\t<\/div>\n\t\t<\/div>\n\t\t\t\t\t<\/div>\n\t\t<\/section>\n\t\t\t\t<\/div>\n\t\t","protected":false},"excerpt":{"rendered":"<p>D\u00c9CLARATION DE CONSENTEMENT EXPRESSE CONCERNANT LES DONN\u00c9ES PERSONNELLES SP\u00c9CIFIQUES DU PROPRI\u00c9TAIRE DE DONN\u00c9ES Par la pr\u00e9sente, j&rsquo;atteste avoir lu le texte de consentement explicite ainsi que la D\u00e9claration d&rsquo;information qui m&rsquo;a \u00e9t\u00e9 \u00e9galement pr\u00e9sent\u00e9e, et j&rsquo;accepte, d\u00e9clare et m&rsquo;engage \u00e0 [&hellip;]<\/p>\n","protected":false},"author":1,"featured_media":0,"parent":0,"menu_order":0,"comment_status":"closed","ping_status":"closed","template":"","meta":{"footnotes":""},"class_list":["post-16540","page","type-page","status-publish","hentry"],"aioseo_notices":[],"_links":{"self":[{"href":"https:\/\/armonia.holiday\/fr\/wp-json\/wp\/v2\/pages\/16540","targetHints":{"allow":["GET"]}}],"collection":[{"href":"https:\/\/armonia.holiday\/fr\/wp-json\/wp\/v2\/pages"}],"about":[{"href":"https:\/\/armonia.holiday\/fr\/wp-json\/wp\/v2\/types\/page"}],"author":[{"embeddable":true,"href":"https:\/\/armonia.holiday\/fr\/wp-json\/wp\/v2\/users\/1"}],"replies":[{"embeddable":true,"href":"https:\/\/armonia.holiday\/fr\/wp-json\/wp\/v2\/comments?post=16540"}],"version-history":[{"count":4,"href":"https:\/\/armonia.holiday\/fr\/wp-json\/wp\/v2\/pages\/16540\/revisions"}],"predecessor-version":[{"id":16550,"href":"https:\/\/armonia.holiday\/fr\/wp-json\/wp\/v2\/pages\/16540\/revisions\/16550"}],"wp:attachment":[{"href":"https:\/\/armonia.holiday\/fr\/wp-json\/wp\/v2\/media?parent=16540"}],"curies":[{"name":"wp","href":"https:\/\/api.w.org\/{rel}","templated":true}]}}