{"id":15646,"date":"2023-04-10T12:59:10","date_gmt":"2023-04-10T12:59:10","guid":{"rendered":"https:\/\/armonia.holiday\/bodrumda-gezilecek-yerler\/"},"modified":"2023-12-24T11:59:58","modified_gmt":"2023-12-24T11:59:58","slug":"bodrumda-gezilecek-yerler","status":"publish","type":"page","link":"https:\/\/armonia.holiday\/fr\/bodrumda-gezilecek-yerler\/","title":{"rendered":"Cit\u00e9s \u00e0 visiter \u00e0 Bodrum"},"content":{"rendered":"\t\t<div data-elementor-type=\"wp-page\" data-elementor-id=\"15646\" class=\"elementor elementor-15646\">\n\t\t\t\t\t\t<section class=\"elementor-section elementor-top-section elementor-element elementor-element-8016170 elementor-section-full_width elementor-section-height-min-height elementor-section-height-default elementor-section-items-middle\" data-id=\"8016170\" data-element_type=\"section\" data-settings=\"{&quot;background_background&quot;:&quot;classic&quot;,&quot;hoteller_ext_is_background_parallax&quot;:&quot;true&quot;,&quot;hoteller_ext_is_background_parallax_speed&quot;:{&quot;unit&quot;:&quot;px&quot;,&quot;size&quot;:0.1000000000000000055511151231257827021181583404541015625,&quot;sizes&quot;:[]},&quot;hoteller_ext_is_background_on_scroll&quot;:&quot;false&quot;}\">\n\t\t\t\t\t\t\t<div class=\"elementor-background-overlay\"><\/div>\n\t\t\t\t\t\t\t<div class=\"elementor-container elementor-column-gap-default\">\n\t\t\t\t\t<div class=\"elementor-column elementor-col-100 elementor-top-column elementor-element elementor-element-30aa0c6\" data-id=\"30aa0c6\" data-element_type=\"column\" data-settings=\"{&quot;hoteller_ext_link_sidemenu&quot;:&quot;false&quot;,&quot;hoteller_ext_link_fullmenu&quot;:&quot;false&quot;,&quot;hoteller_ext_link_closed_fullmenu&quot;:&quot;false&quot;,&quot;hoteller_ext_is_scrollme&quot;:&quot;false&quot;,&quot;hoteller_ext_is_smoove&quot;:&quot;false&quot;,&quot;hoteller_ext_is_parallax_mouse&quot;:&quot;false&quot;,&quot;hoteller_ext_is_infinite&quot;:&quot;false&quot;,&quot;hoteller_ext_is_fadeout_animation&quot;:&quot;false&quot;,&quot;hoteller_ext_mobile_static&quot;:&quot;false&quot;}\">\n\t\t\t<div class=\"elementor-widget-wrap elementor-element-populated\">\n\t\t\t\t\t\t<div class=\"elementor-element elementor-element-a013757 elementor-widget elementor-widget-heading\" data-id=\"a013757\" data-element_type=\"widget\" data-settings=\"{&quot;hoteller_ext_link_sidemenu&quot;:&quot;false&quot;,&quot;hoteller_ext_link_fullmenu&quot;:&quot;false&quot;,&quot;hoteller_ext_link_closed_fullmenu&quot;:&quot;false&quot;,&quot;hoteller_ext_is_scrollme&quot;:&quot;false&quot;,&quot;hoteller_ext_is_smoove&quot;:&quot;false&quot;,&quot;hoteller_ext_is_parallax_mouse&quot;:&quot;false&quot;,&quot;hoteller_ext_is_infinite&quot;:&quot;false&quot;,&quot;hoteller_ext_is_fadeout_animation&quot;:&quot;false&quot;,&quot;hoteller_ext_mobile_static&quot;:&quot;false&quot;}\" data-widget_type=\"heading.default\">\n\t\t\t\t<div class=\"elementor-widget-container\">\n\t\t\t\t\t<h2 class=\"elementor-heading-title elementor-size-default\">Lieux \u00e0 visiter \u00e0 Bodrum<\/h2>\t\t\t\t<\/div>\n\t\t\t\t<\/div>\n\t\t\t\t\t<\/div>\n\t\t<\/div>\n\t\t\t\t\t<\/div>\n\t\t<\/section>\n\t\t\t\t<section class=\"elementor-section elementor-top-section elementor-element elementor-element-a95f955 elementor-section-boxed elementor-section-height-default elementor-section-height-default\" data-id=\"a95f955\" data-element_type=\"section\" data-settings=\"{&quot;hoteller_ext_is_background_parallax&quot;:&quot;false&quot;,&quot;hoteller_ext_is_background_on_scroll&quot;:&quot;false&quot;}\">\n\t\t\t\t\t\t<div class=\"elementor-container elementor-column-gap-default\">\n\t\t\t\t\t<div class=\"elementor-column elementor-col-100 elementor-top-column elementor-element elementor-element-a748deb\" data-id=\"a748deb\" data-element_type=\"column\" data-settings=\"{&quot;hoteller_ext_link_sidemenu&quot;:&quot;false&quot;,&quot;hoteller_ext_link_fullmenu&quot;:&quot;false&quot;,&quot;hoteller_ext_link_closed_fullmenu&quot;:&quot;false&quot;,&quot;hoteller_ext_is_scrollme&quot;:&quot;false&quot;,&quot;hoteller_ext_is_smoove&quot;:&quot;false&quot;,&quot;hoteller_ext_is_parallax_mouse&quot;:&quot;false&quot;,&quot;hoteller_ext_is_infinite&quot;:&quot;false&quot;,&quot;hoteller_ext_is_fadeout_animation&quot;:&quot;false&quot;,&quot;hoteller_ext_mobile_static&quot;:&quot;false&quot;}\">\n\t\t\t<div class=\"elementor-widget-wrap elementor-element-populated\">\n\t\t\t\t\t\t<div class=\"elementor-element elementor-element-ebd070c elementor-widget elementor-widget-text-editor\" data-id=\"ebd070c\" data-element_type=\"widget\" data-settings=\"{&quot;hoteller_ext_link_sidemenu&quot;:&quot;false&quot;,&quot;hoteller_ext_link_fullmenu&quot;:&quot;false&quot;,&quot;hoteller_ext_link_closed_fullmenu&quot;:&quot;false&quot;,&quot;hoteller_ext_is_scrollme&quot;:&quot;false&quot;,&quot;hoteller_ext_is_smoove&quot;:&quot;false&quot;,&quot;hoteller_ext_is_parallax_mouse&quot;:&quot;false&quot;,&quot;hoteller_ext_is_infinite&quot;:&quot;false&quot;,&quot;hoteller_ext_is_fadeout_animation&quot;:&quot;false&quot;,&quot;hoteller_ext_mobile_static&quot;:&quot;false&quot;}\" data-widget_type=\"text-editor.default\">\n\t\t\t\t<div class=\"elementor-widget-container\">\n\t\t\t\t\t\t\t\t\t<p>Bodrum est l&rsquo;une des destinations touristiques les plus populaires de la Turquie. Elle est c\u00e9l\u00e8bre pour sa texture historique, ses belles plages et ses lieux de divertissement. Voici quelques-uns des endroits \u00e0 visiter \u00e0 Bodrum :<\/p><ol><li>Ch\u00e2teau de Bodrum : Le ch\u00e2teau de Bodrum est l&rsquo;un des sites historiques les plus importants de la ville. Il a \u00e9t\u00e9 construit au XVe si\u00e8cle par l&rsquo;Empire ottoman. Il abrite un mus\u00e9e \u00e0 l&rsquo;int\u00e9rieur o\u00f9 de nombreux artefacts historiques sont expos\u00e9s.<\/li><li>Th\u00e9\u00e2tre antique : Le th\u00e9\u00e2tre antique de Bodrum a \u00e9t\u00e9 construit au IVe si\u00e8cle av. J.-C. et peut accueillir environ 13 000 personnes. Actuellement, des concerts et des spectacles y sont encore organis\u00e9s.<\/li><li>Mus\u00e9e arch\u00e9ologique sous-marin de Bodrum : Le mus\u00e9e arch\u00e9ologique sous-marin de Bodrum est l&rsquo;un des plus importants mus\u00e9es sous-marins du monde. Le mus\u00e9e expose des artefacts r\u00e9cup\u00e9r\u00e9s de naufrages anciens en mer \u00c9g\u00e9e.<\/li><li>Plage de Gumbet : C&rsquo;est l&rsquo;une des plages les plus populaires de Bodrum. Elle attire les visiteurs avec son eau claire et sa plage de sable.<\/li><li>Yalikavak : C&rsquo;est une belle ville en bord de mer \u00e0 Bodrum. Vous y trouverez des restaurants et des caf\u00e9s o\u00f9 vous pourrez d\u00e9guster du poisson frais. Le march\u00e9 organis\u00e9 \u00e0 Yalikavak attire \u00e9galement de nombreux visiteurs.<\/li><li>Plage de Bitez : C&rsquo;est une autre des plages populaires de Bodrum. Il est \u00e9galement possible de pratiquer la planche \u00e0 voile et d&rsquo;autres sports nautiques sur cette plage.<\/li><li>Marina de Bodrum : La marina de Bodrum est l&rsquo;un des ports les plus importants de Bodrum. Vous y trouverez des yachts et des bateaux de luxe. Il y a aussi de nombreux restaurants et caf\u00e9s.<\/li><li>Gumusluk : Dans l&rsquo;histoire, elle est \u00e9galement connue sous le nom de Myndos. Myndos a d&rsquo;abord \u00e9t\u00e9 gouvern\u00e9e par les Lelegs, puis par les Doriens, puis par les Perses et les Cariens. Les ruines historiques de l&rsquo;ancienne ville de Myndos sont toujours visibles autour de G\u00fcm\u00fc\u015fl\u00fck.<\/li><li>Vieille ville de Pedasa : La vieille ville de Pedasa, situ\u00e9e au nord de Bodrum, a \u00e9t\u00e9 fond\u00e9e au Ve si\u00e8cle av. J.-C. Ses ruines ont surv\u00e9cu jusqu&rsquo;\u00e0 nos jours et peuvent \u00eatre visit\u00e9es.<\/li><li>Karaada : Il s&rsquo;agit d&rsquo;une petite \u00eele \u00e0 l&rsquo;ouest de Bodrum. Vous pouvez vous promener sur l&rsquo;\u00eele, nager et prendre le soleil. Il y a aussi une petite \u00e9glise et des ruines historiques sur l&rsquo;\u00eele.<\/li><\/ol>\t\t\t\t\t\t\t\t<\/div>\n\t\t\t\t<\/div>\n\t\t\t\t\t<\/div>\n\t\t<\/div>\n\t\t\t\t\t<\/div>\n\t\t<\/section>\n\t\t\t\t<\/div>\n\t\t","protected":false},"excerpt":{"rendered":"<p>Lieux \u00e0 visiter \u00e0 Bodrum Bodrum est l&rsquo;une des destinations touristiques les plus populaires de la Turquie. Elle est c\u00e9l\u00e8bre pour sa texture historique, ses belles plages et ses lieux de divertissement. Voici quelques-uns des endroits \u00e0 visiter \u00e0 Bodrum [&hellip;]<\/p>\n","protected":false},"author":1,"featured_media":0,"parent":0,"menu_order":0,"comment_status":"closed","ping_status":"closed","template":"","meta":{"footnotes":""},"class_list":["post-15646","page","type-page","status-publish","hentry"],"aioseo_notices":[],"_links":{"self":[{"href":"https:\/\/armonia.holiday\/fr\/wp-json\/wp\/v2\/pages\/15646","targetHints":{"allow":["GET"]}}],"collection":[{"href":"https:\/\/armonia.holiday\/fr\/wp-json\/wp\/v2\/pages"}],"about":[{"href":"https:\/\/armonia.holiday\/fr\/wp-json\/wp\/v2\/types\/page"}],"author":[{"embeddable":true,"href":"https:\/\/armonia.holiday\/fr\/wp-json\/wp\/v2\/users\/1"}],"replies":[{"embeddable":true,"href":"https:\/\/armonia.holiday\/fr\/wp-json\/wp\/v2\/comments?post=15646"}],"version-history":[{"count":8,"href":"https:\/\/armonia.holiday\/fr\/wp-json\/wp\/v2\/pages\/15646\/revisions"}],"predecessor-version":[{"id":16514,"href":"https:\/\/armonia.holiday\/fr\/wp-json\/wp\/v2\/pages\/15646\/revisions\/16514"}],"wp:attachment":[{"href":"https:\/\/armonia.holiday\/fr\/wp-json\/wp\/v2\/media?parent=15646"}],"curies":[{"name":"wp","href":"https:\/\/api.w.org\/{rel}","templated":true}]}}