{"id":16539,"date":"2018-06-06T04:55:21","date_gmt":"2018-06-06T04:55:21","guid":{"rendered":"https:\/\/armonia.holiday\/acik-riza-metni\/"},"modified":"2023-12-29T18:32:54","modified_gmt":"2023-12-29T18:32:54","slug":"explicit-consent-text","status":"publish","type":"page","link":"https:\/\/armonia.holiday\/en\/explicit-consent-text\/","title":{"rendered":"Explicit Consent Text"},"content":{"rendered":"\t\t<div data-elementor-type=\"wp-page\" data-elementor-id=\"16539\" class=\"elementor elementor-16539\">\n\t\t\t\t\t\t<section class=\"elementor-section elementor-top-section elementor-element elementor-element-2480329d elementor-section-boxed elementor-section-height-default elementor-section-height-default\" data-id=\"2480329d\" data-element_type=\"section\" data-settings=\"{&quot;hoteller_ext_is_background_parallax&quot;:&quot;false&quot;,&quot;hoteller_ext_is_background_on_scroll&quot;:&quot;false&quot;}\">\n\t\t\t\t\t\t<div class=\"elementor-container elementor-column-gap-default\">\n\t\t\t\t\t<div class=\"elementor-column elementor-col-100 elementor-top-column elementor-element elementor-element-43a231fc\" data-id=\"43a231fc\" data-element_type=\"column\" data-settings=\"{&quot;hoteller_ext_link_sidemenu&quot;:&quot;false&quot;,&quot;hoteller_ext_link_fullmenu&quot;:&quot;false&quot;,&quot;hoteller_ext_link_closed_fullmenu&quot;:&quot;false&quot;,&quot;hoteller_ext_is_scrollme&quot;:&quot;false&quot;,&quot;hoteller_ext_is_smoove&quot;:&quot;false&quot;,&quot;hoteller_ext_is_parallax_mouse&quot;:&quot;false&quot;,&quot;hoteller_ext_is_infinite&quot;:&quot;false&quot;,&quot;hoteller_ext_is_fadeout_animation&quot;:&quot;false&quot;,&quot;hoteller_ext_mobile_static&quot;:&quot;false&quot;}\">\n\t\t\t<div class=\"elementor-widget-wrap elementor-element-populated\">\n\t\t\t\t\t\t<div class=\"elementor-element elementor-element-58d5417b elementor-widget elementor-widget-text-editor\" data-id=\"58d5417b\" data-element_type=\"widget\" data-settings=\"{&quot;hoteller_ext_link_sidemenu&quot;:&quot;false&quot;,&quot;hoteller_ext_link_fullmenu&quot;:&quot;false&quot;,&quot;hoteller_ext_link_closed_fullmenu&quot;:&quot;false&quot;,&quot;hoteller_ext_is_scrollme&quot;:&quot;false&quot;,&quot;hoteller_ext_is_smoove&quot;:&quot;false&quot;,&quot;hoteller_ext_is_parallax_mouse&quot;:&quot;false&quot;,&quot;hoteller_ext_is_infinite&quot;:&quot;false&quot;,&quot;hoteller_ext_is_fadeout_animation&quot;:&quot;false&quot;,&quot;hoteller_ext_mobile_static&quot;:&quot;false&quot;}\" data-widget_type=\"text-editor.default\">\n\t\t\t\t<div class=\"elementor-widget-container\">\n\t\t\t\t\t\t\t\t\t<h2>DECLARATION FORM FOR THE EXPRESS CONSENT REGARDING THE DATA OWNER&#8217;S SPECIAL QUALIFIED PERSONAL DATA<\/h2><p>I acknowledge and declare that I have read this express consent text and the <a href=\"https:\/\/armonia.holiday\/aydinlatma-metni\/\">Disclosure Text<\/a> provided to me separately, and I hereby accept, declare, and commit that I pre-approve the collection, recording, processing, and storage of my health data by <b>ALTIN G\u00d6K TUR\u0130ST\u0130K TES\u0130SLER\u0130 T\u0130CARET VE SANAY\u0130 A.\u015e.<\/b> in accordance with the principles set forth in Law No. 6698 on the Protection of Personal Data.<\/p><p>By reading the disclosure text provided by <b>ALTIN G\u00d6K TUR\u0130ST\u0130K TES\u0130SLER\u0130 T\u0130CARET VE SANAY\u0130 A.\u015e.<\/b>, I have understood the purposes for which my personal data is processed, to whom and for what purpose it is transferred, the method of collecting my personal data, the legal basis and my rights. I freely acknowledge and consent to it.<\/p><p>In accordance with the Law No. 6698 on the Protection of Personal Data, I freely acknowledge, declare, and commit that I consent to the processing of the health data I shared with <b>ALTIN G\u00d6K TUR\u0130ST\u0130K TES\u0130SLER\u0130 T\u0130CARET VE SANAY\u0130 A.\u015e.<\/b> and its sharing with other individuals and organizations necessary within the scope of relevant legislation, solely for the purpose of customer satisfaction.<\/p>\t\t\t\t\t\t\t\t<\/div>\n\t\t\t\t<\/div>\n\t\t\t\t\t<\/div>\n\t\t<\/div>\n\t\t\t\t\t<\/div>\n\t\t<\/section>\n\t\t\t\t<\/div>\n\t\t","protected":false},"excerpt":{"rendered":"<p>DECLARATION FORM FOR THE EXPRESS CONSENT REGARDING THE DATA OWNER&#8217;S SPECIAL QUALIFIED PERSONAL DATA I acknowledge and declare that I have read this express consent text and the Disclosure Text provided to me separately, and I hereby accept, declare, and [&hellip;]<\/p>\n","protected":false},"author":1,"featured_media":0,"parent":0,"menu_order":0,"comment_status":"closed","ping_status":"closed","template":"","meta":{"footnotes":""},"class_list":["post-16539","page","type-page","status-publish","hentry"],"aioseo_notices":[],"_links":{"self":[{"href":"https:\/\/armonia.holiday\/en\/wp-json\/wp\/v2\/pages\/16539","targetHints":{"allow":["GET"]}}],"collection":[{"href":"https:\/\/armonia.holiday\/en\/wp-json\/wp\/v2\/pages"}],"about":[{"href":"https:\/\/armonia.holiday\/en\/wp-json\/wp\/v2\/types\/page"}],"author":[{"embeddable":true,"href":"https:\/\/armonia.holiday\/en\/wp-json\/wp\/v2\/users\/1"}],"replies":[{"embeddable":true,"href":"https:\/\/armonia.holiday\/en\/wp-json\/wp\/v2\/comments?post=16539"}],"version-history":[{"count":4,"href":"https:\/\/armonia.holiday\/en\/wp-json\/wp\/v2\/pages\/16539\/revisions"}],"predecessor-version":[{"id":16546,"href":"https:\/\/armonia.holiday\/en\/wp-json\/wp\/v2\/pages\/16539\/revisions\/16546"}],"wp:attachment":[{"href":"https:\/\/armonia.holiday\/en\/wp-json\/wp\/v2\/media?parent=16539"}],"curies":[{"name":"wp","href":"https:\/\/api.w.org\/{rel}","templated":true}]}}