{"id":16541,"date":"2018-06-06T04:55:21","date_gmt":"2018-06-06T04:55:21","guid":{"rendered":"https:\/\/armonia.holiday\/acik-riza-metni\/"},"modified":"2023-12-29T18:42:10","modified_gmt":"2023-12-29T18:42:10","slug":"offener-einwilligungstext","status":"publish","type":"page","link":"https:\/\/armonia.holiday\/de\/offener-einwilligungstext\/","title":{"rendered":"Offener Einwilligungstext"},"content":{"rendered":"\t\t<div data-elementor-type=\"wp-page\" data-elementor-id=\"16541\" class=\"elementor elementor-16541\">\n\t\t\t\t\t\t<section class=\"elementor-section elementor-top-section elementor-element elementor-element-2480329d elementor-section-boxed elementor-section-height-default elementor-section-height-default\" data-id=\"2480329d\" data-element_type=\"section\" data-settings=\"{&quot;hoteller_ext_is_background_parallax&quot;:&quot;false&quot;,&quot;hoteller_ext_is_background_on_scroll&quot;:&quot;false&quot;}\">\n\t\t\t\t\t\t<div class=\"elementor-container elementor-column-gap-default\">\n\t\t\t\t\t<div class=\"elementor-column elementor-col-100 elementor-top-column elementor-element elementor-element-43a231fc\" data-id=\"43a231fc\" data-element_type=\"column\" data-settings=\"{&quot;hoteller_ext_link_sidemenu&quot;:&quot;false&quot;,&quot;hoteller_ext_link_fullmenu&quot;:&quot;false&quot;,&quot;hoteller_ext_link_closed_fullmenu&quot;:&quot;false&quot;,&quot;hoteller_ext_is_scrollme&quot;:&quot;false&quot;,&quot;hoteller_ext_is_smoove&quot;:&quot;false&quot;,&quot;hoteller_ext_is_parallax_mouse&quot;:&quot;false&quot;,&quot;hoteller_ext_is_infinite&quot;:&quot;false&quot;,&quot;hoteller_ext_is_fadeout_animation&quot;:&quot;false&quot;,&quot;hoteller_ext_mobile_static&quot;:&quot;false&quot;}\">\n\t\t\t<div class=\"elementor-widget-wrap elementor-element-populated\">\n\t\t\t\t\t\t<div class=\"elementor-element elementor-element-58d5417b elementor-widget elementor-widget-text-editor\" data-id=\"58d5417b\" data-element_type=\"widget\" data-settings=\"{&quot;hoteller_ext_link_sidemenu&quot;:&quot;false&quot;,&quot;hoteller_ext_link_fullmenu&quot;:&quot;false&quot;,&quot;hoteller_ext_link_closed_fullmenu&quot;:&quot;false&quot;,&quot;hoteller_ext_is_scrollme&quot;:&quot;false&quot;,&quot;hoteller_ext_is_smoove&quot;:&quot;false&quot;,&quot;hoteller_ext_is_parallax_mouse&quot;:&quot;false&quot;,&quot;hoteller_ext_is_infinite&quot;:&quot;false&quot;,&quot;hoteller_ext_is_fadeout_animation&quot;:&quot;false&quot;,&quot;hoteller_ext_mobile_static&quot;:&quot;false&quot;}\" data-widget_type=\"text-editor.default\">\n\t\t\t\t<div class=\"elementor-widget-container\">\n\t\t\t\t\t\t\t\t\t<h2 class=\"fusion-responsive-typography-calculated\" data-fontsize=\"26\" data-lineheight=\"43.94px\">ERKL\u00c4RUNGSFORMULAR F\u00dcR AUSDR\u00dcCKLICHE EINWILLIGUNG IN BEZUG AUF DIE BESONDEREN PERS\u00d6NLICHEN DATEN DES DATENINHABERS<\/h2><p>Ich best\u00e4tige, dass ich diesen expliziten Einwilligungstext und den zus\u00e4tzlich bereitgestellten <a href=\"https:\/\/armonia.holiday\/aydinlatma-metni\/\">Informations-Text<\/a> gelesen habe. Hiermit akzeptiere, erkl\u00e4re und verpflichte ich mich, im Rahmen des Gesetzes zum Schutz personenbezogener Daten Nr. 6698, meine vorherige Zustimmung f\u00fcr die Sammlung, Aufzeichnung, Verarbeitung und Speicherung meiner Gesundheitsdaten durch <b>ALTIN G\u00d6K TUR\u0130ST\u0130K TES\u0130SLER\u0130 T\u0130CARET VE SANAY\u0130 A.\u015e.<\/b>\u00a0gem\u00e4\u00df den im Gesetz festgelegten Grunds\u00e4tzen zu erteilen.<br \/>Nachdem ich den von <b>ALTIN G\u00d6K TUR\u0130ST\u0130K TES\u0130SLER\u0130 T\u0130CARET VE SANAY\u0130 A.\u015e.<\/b>\u00a0bereitgestellten Informations-Text gelesen habe, erkenne ich an, dass ich die Zwecke, f\u00fcr die meine personenbezogenen Daten verarbeitet werden, wer sie erhalten und zu welchem Zweck sie \u00fcbermittelt werden, die Methoden zur Erhebung meiner personenbezogenen Daten sowie die rechtliche Grundlage und meine Rechte gelesen, verstanden und freiwillig akzeptiert habe.<\/p><p>Gem\u00e4\u00df dem Gesetz zum Schutz personenbezogener Daten Nr. 6698 erkl\u00e4re ich hiermit meine ausdr\u00fcckliche Zustimmung zur Verarbeitung meiner Gesundheitsdaten, die ich aufgrund meiner ausdr\u00fccklichen Zustimmung geteilt habe, durch <b>ALTIN G\u00d6K TUR\u0130ST\u0130K TES\u0130SLER\u0130 T\u0130CARET VE SANAY\u0130 A.\u015e.<\/b>\u00a0und zu deren ausschlie\u00dflicher Verwendung f\u00fcr Kundenbetreuungszwecke sowie zur Weitergabe an andere Personen und Organisationen, bei denen die Weitergabe im Rahmen der einschl\u00e4gigen Vorschriften erforderlich ist.<\/p>\t\t\t\t\t\t\t\t<\/div>\n\t\t\t\t<\/div>\n\t\t\t\t\t<\/div>\n\t\t<\/div>\n\t\t\t\t\t<\/div>\n\t\t<\/section>\n\t\t\t\t<\/div>\n\t\t","protected":false},"excerpt":{"rendered":"<p>ERKL\u00c4RUNGSFORMULAR F\u00dcR AUSDR\u00dcCKLICHE EINWILLIGUNG IN BEZUG AUF DIE BESONDEREN PERS\u00d6NLICHEN DATEN DES DATENINHABERS Ich best\u00e4tige, dass ich diesen expliziten Einwilligungstext und den zus\u00e4tzlich bereitgestellten Informations-Text gelesen habe. Hiermit akzeptiere, erkl\u00e4re und verpflichte ich mich, im Rahmen des Gesetzes zum Schutz [&hellip;]<\/p>\n","protected":false},"author":1,"featured_media":0,"parent":0,"menu_order":0,"comment_status":"closed","ping_status":"closed","template":"","meta":{"footnotes":""},"class_list":["post-16541","page","type-page","status-publish","hentry"],"aioseo_notices":[],"_links":{"self":[{"href":"https:\/\/armonia.holiday\/de\/wp-json\/wp\/v2\/pages\/16541","targetHints":{"allow":["GET"]}}],"collection":[{"href":"https:\/\/armonia.holiday\/de\/wp-json\/wp\/v2\/pages"}],"about":[{"href":"https:\/\/armonia.holiday\/de\/wp-json\/wp\/v2\/types\/page"}],"author":[{"embeddable":true,"href":"https:\/\/armonia.holiday\/de\/wp-json\/wp\/v2\/users\/1"}],"replies":[{"embeddable":true,"href":"https:\/\/armonia.holiday\/de\/wp-json\/wp\/v2\/comments?post=16541"}],"version-history":[{"count":7,"href":"https:\/\/armonia.holiday\/de\/wp-json\/wp\/v2\/pages\/16541\/revisions"}],"predecessor-version":[{"id":16561,"href":"https:\/\/armonia.holiday\/de\/wp-json\/wp\/v2\/pages\/16541\/revisions\/16561"}],"wp:attachment":[{"href":"https:\/\/armonia.holiday\/de\/wp-json\/wp\/v2\/media?parent=16541"}],"curies":[{"name":"wp","href":"https:\/\/api.w.org\/{rel}","templated":true}]}}