{"id":16518,"date":"2022-05-25T03:39:43","date_gmt":"2022-05-25T03:39:43","guid":{"rendered":"https:\/\/armonia.holiday\/?page_id=16518"},"modified":"2023-12-29T18:06:08","modified_gmt":"2023-12-29T18:06:08","slug":"beleuchtungstext","status":"publish","type":"page","link":"https:\/\/armonia.holiday\/de\/beleuchtungstext\/","title":{"rendered":"BELEUCHTUNGSTEXT"},"content":{"rendered":"\t\t<div data-elementor-type=\"wp-page\" data-elementor-id=\"16518\" class=\"elementor elementor-16518\">\n\t\t\t\t\t\t<section class=\"elementor-section elementor-top-section elementor-element elementor-element-7008f193 elementor-section-boxed elementor-section-height-default elementor-section-height-default\" data-id=\"7008f193\" data-element_type=\"section\" data-settings=\"{&quot;hoteller_ext_is_background_parallax&quot;:&quot;false&quot;,&quot;hoteller_ext_is_background_on_scroll&quot;:&quot;false&quot;}\">\n\t\t\t\t\t\t<div class=\"elementor-container elementor-column-gap-default\">\n\t\t\t\t\t<div class=\"elementor-column elementor-col-100 elementor-top-column elementor-element elementor-element-176676c5\" data-id=\"176676c5\" data-element_type=\"column\" data-settings=\"{&quot;hoteller_ext_link_sidemenu&quot;:&quot;false&quot;,&quot;hoteller_ext_link_fullmenu&quot;:&quot;false&quot;,&quot;hoteller_ext_link_closed_fullmenu&quot;:&quot;false&quot;,&quot;hoteller_ext_is_scrollme&quot;:&quot;false&quot;,&quot;hoteller_ext_is_smoove&quot;:&quot;false&quot;,&quot;hoteller_ext_is_parallax_mouse&quot;:&quot;false&quot;,&quot;hoteller_ext_is_infinite&quot;:&quot;false&quot;,&quot;hoteller_ext_is_fadeout_animation&quot;:&quot;false&quot;,&quot;hoteller_ext_mobile_static&quot;:&quot;false&quot;}\">\n\t\t\t<div class=\"elementor-widget-wrap elementor-element-populated\">\n\t\t\t\t\t\t<div class=\"elementor-element elementor-element-bdbcc92 elementor-widget elementor-widget-text-editor\" data-id=\"bdbcc92\" data-element_type=\"widget\" data-settings=\"{&quot;hoteller_ext_link_sidemenu&quot;:&quot;false&quot;,&quot;hoteller_ext_link_fullmenu&quot;:&quot;false&quot;,&quot;hoteller_ext_link_closed_fullmenu&quot;:&quot;false&quot;,&quot;hoteller_ext_is_scrollme&quot;:&quot;false&quot;,&quot;hoteller_ext_is_smoove&quot;:&quot;false&quot;,&quot;hoteller_ext_is_parallax_mouse&quot;:&quot;false&quot;,&quot;hoteller_ext_is_infinite&quot;:&quot;false&quot;,&quot;hoteller_ext_is_fadeout_animation&quot;:&quot;false&quot;,&quot;hoteller_ext_mobile_static&quot;:&quot;false&quot;}\" data-widget_type=\"text-editor.default\">\n\t\t\t\t<div class=\"elementor-widget-container\">\n\t\t\t\t\t\t\t\t\t<h2 class=\"fusion-responsive-typography-calculated\" data-fontsize=\"26\" data-lineheight=\"43.94px\">BELEUCHTUNGSTEXT\n<\/h2>\nALTIN G\u00d6K TOURISMUSANLAGEN HANDEL UND INDUSTRIE AG (&#8222;ARMONIA HOTEL&#8220; oder &#8222;Unternehmen&#8220;) verarbeitet, speichert und \u00fcbermittelt Ihre personenbezogenen Daten gem\u00e4\u00df dem Gesetz Nr. 6698 \u00fcber den Schutz personenbezogener Daten (&#8222;Gesetz&#8220;) in \u00dcbereinstimmung mit der Bedeutung, die wir der Sicherheit Ihrer Daten beimessen. Dies ist eine Aufkl\u00e4rungs- und Informationsmitteilung \u00fcber unsere Datenverarbeitungsaktivit\u00e4ten im Rahmen der von uns durchgef\u00fchrten Kampagnen und Dienstleistungen gem\u00e4\u00df dem Gesetz.\n<h3 class=\"fusion-responsive-typography-calculated\" data-fontsize=\"24\" data-lineheight=\"40.08px\">1. VERANTWORTLICHER UND VERTRETER F\u00dcR DATEN<\/h3>\nGem\u00e4\u00df dem Datenschutzgesetz sind wir als Unternehmen f\u00fcr die Verarbeitung Ihrer personenbezogenen Daten als verantwortliche Stelle befugt, diese im Einklang mit den unten erl\u00e4uterten Zwecken, begrenzt und verh\u00e4ltnism\u00e4\u00dfig, rechtm\u00e4\u00dfig und gem\u00e4\u00df den Grunds\u00e4tzen der Ehrlichkeit, korrekt und aktuell zu verarbeiten, zu speichern, zu \u00fcbermitteln, zu klassifizieren, zu aktualisieren und gegebenenfalls nur f\u00fcr die vom Gesetz erlaubten Zwecke zu \u00fcbermitteln.\n\nUnser Unternehmen beh\u00e4lt sich das Recht vor, dieses &#8222;Informationsschreiben zum Schutz personenbezogener Daten&#8220; gem\u00e4\u00df den aktuellen gesetzlichen Bestimmungen zu aktualisieren.\n<h3 class=\"fusion-responsive-typography-calculated\" data-fontsize=\"24\" data-lineheight=\"40.08px\">2. DATENSCHUTZ UND ZWECK DER DATENVERARBEITUNG<\/h3>\nGem\u00e4\u00df dem Gesetz ist jede Information, die sich auf eine bestimmte oder bestimmbare nat\u00fcrliche Person bezieht, als personenbezogene Daten definiert. Alle von Ihnen bereitgestellten Informationen werden in unserem Unternehmen gem\u00e4\u00df den geltenden Vorschriften bewertet.\n\nIhre Identifikationsdaten, Kontaktdaten, Kundentransaktionsdaten, Kameradaten in gemeinsamen Bereichen zur Sicherheit physischer R\u00e4ume; werden f\u00fcr die Verwaltung, Analyse und Bereitstellung von Dienstleistungen, die Verbesserung unseres Kundenservice, die Verwaltung unserer Beziehungen zu unseren Kunden vor, w\u00e4hrend oder nach dem Aufenthalt, das Senden von Werbe-E-Mails an Personen, die der Verarbeitung ihrer Daten f\u00fcr kommerzielle elektronische Kommunikation zugestimmt haben, die Verwaltung von Vertragsprozessen, die Verwaltung von Service-Marketingprozessen, die Verfolgung von Anfragen und Beschwerden, die Bereitstellung von Informationen an autorisierte Institutionen und Organisationen, die Planung und Durchf\u00fchrung von Aktivit\u00e4ten und Betriebsprozessen, die rechtm\u00e4\u00dfige Durchf\u00fchrung von Aktivit\u00e4ten, die Einhaltung der gesetzlichen und von den zust\u00e4ndigen Beh\u00f6rden vorgeschriebenen Informations-, Berichts- und Informationspflichten, die Planung und Durchf\u00fchrung von Verkaufs-, Marketing- und Werbeprozessen f\u00fcr Produkte und Dienstleistungen sowie Marktforschung, die Planung und Durchf\u00fchrung von Aktivit\u00e4ten zur Bestimmung und Anpassung der Nutzung und Serviceorientierung, die Durchf\u00fchrung und Verwaltung von Callcenter-Prozessen, die Durchf\u00fchrung und Verwaltung von Gesch\u00e4ften mit Partnern, H\u00e4ndlern oder Lieferanten sowie die Verwaltung von Finanz- und Buchhaltungsangelegenheiten, die Erstellung und Verfolgung von Besucherregistern verarbeitet.\n\nIn der Regel holt unser Unternehmen die schriftliche Einwilligung der betroffenen Person (oder der betroffenen Personen) f\u00fcr die Verarbeitung personenbezogener Daten ein. Wenn jedoch eine der in Artikel 5\/2 oder Artikel 6\/3 des KVK-Gesetzes festgelegten Bedingungen f\u00fcr die Verarbeitung personenbezogener Daten vorliegt, ist keine ausdr\u00fcckliche Einwilligung erforderlich.\n<h3 class=\"fusion-responsive-typography-calculated\" data-fontsize=\"24\" data-lineheight=\"40.08px\">3. VERARBEITUNG BESONDERER PERSONENBEZOGENER DATEN<\/h3>\nDie Rasse, ethnische Herkunft, politische Meinung, philosophische \u00dcberzeugung, religi\u00f6se, konfessionelle oder andere \u00dcberzeugungen, Kleidung, Vereins-, Stiftungs- oder Gewerkschaftszugeh\u00f6rigkeit, Gesundheit, Sexualleben, strafrechtliche Verurteilungen und Sicherheitsma\u00dfnahmen sowie biometrische und genetische Daten der Personen gelten als besonders sensible personenbezogene Daten.\n\nDie Verarbeitung sensibler personenbezogener Daten ohne ausdr\u00fcckliche Einwilligung der betroffenen Person ist untersagt. Ohne Ihre ausdr\u00fcckliche Einwilligung gem\u00e4\u00df Artikel 6\/3 des KVK-Gesetzes oder ohne die in Artikel 6\/3 des KVK-Gesetzes festgelegte Bedingung werden Ihre sensiblen personenbezogenen Daten keinesfalls verarbeitet.\n<h3 class=\"fusion-responsive-typography-calculated\" data-fontsize=\"24\" data-lineheight=\"40.08px\">4. \u00dcBERTRAGUNG UND ZWECKE PERSONENBEZOGENER DATEN<\/h3>\nDas Unternehmen kann Ihre personenbezogenen Daten zu den oben genannten Zwecken an autorisierte Institutionen und Organisationen, Konzerngesellschaften, Gesch\u00e4ftspartner, Aktion\u00e4re, nat\u00fcrliche und juristische Personen weitergeben. Eine \u00dcbertragung personenbezogener Daten, die nicht mit den genannten Zwecken in Einklang steht, erfolgt nur mit ausdr\u00fccklicher Zustimmung des Dateninhabers. Gem\u00e4\u00df dem Gesetz d\u00fcrfen Ihre personenbezogenen Daten ohne Ihre ausdr\u00fcckliche Zustimmung nicht ins Ausland \u00fcbermittelt werden. Ihre personenbezogenen Daten werden nicht ins Ausland \u00fcbermittelt.\n<h3 class=\"fusion-responsive-typography-calculated\" data-fontsize=\"24\" data-lineheight=\"40.08px\">5. SAMMLUNGSMETHODE UND RECHTLICHE GR\u00dcNDE F\u00dcR DIE VERARBEITUNG PERSONENBEZOGENER DATEN<\/h3>\nIhre personenbezogenen Daten werden m\u00fcndlich, schriftlich oder elektronisch und basierend auf den oben genannten Zwecken gesammelt, um unsere Aktivit\u00e4ten durchzuf\u00fchren. In diesem Rahmen k\u00f6nnen Ihre personenbezogenen Daten gem\u00e4\u00df den Grunds\u00e4tzen in Artikel 4\/2 des KVK und den in Artikel 6 des Informationsblattes festgelegten Prinzipien nur mit ausdr\u00fccklicher Zustimmung oder gem\u00e4\u00df Artikel 5\/2; verarbeitet werden, wenn dies gesetzlich vorgeschrieben ist, faktisch unm\u00f6glich ist, um den Vertrag abzuschlie\u00dfen oder zu erf\u00fcllen, um die rechtliche Verpflichtung des Datenverantwortlichen zu erf\u00fcllen, durch die betroffene Person \u00f6ffentlich gemacht wurde, zur Feststellung, Aus\u00fcbung oder Verteidigung eines Rechts oder aus den im Artikel 6\/3 genannten Gr\u00fcnden, sofern es sich nicht um Gesundheits- oder Sexuallebensdaten handelt.\n<h3 class=\"fusion-responsive-typography-calculated\" data-fontsize=\"24\" data-lineheight=\"40.08px\">6. GRUNDPRINZIPIEN DER DATENVERARBEITUNG PERSONENBEZOGENER DATEN<\/h3>\n<ol>\n \t<li>Rechtm\u00e4\u00dfigkeit und Einhaltung ethischer Grunds\u00e4tze: Unser Unternehmen \u00fcberpr\u00fcft die Datenquelle sorgf\u00e4ltig und stellt sicher, dass Ihre personenbezogenen Daten sorgf\u00e4ltig daraufhin \u00fcberpr\u00fcft werden, ob sie auf rechtm\u00e4\u00dfige Weise erhalten wurden.<\/li>\n \t<li>Richtigkeit und Aktualit\u00e4t: Wir legen gro\u00dfen Wert darauf, sicherzustellen, dass Ihre personenbezogenen Daten korrekt, vollst\u00e4ndig und nur mit Ihrer ausdr\u00fccklichen Zustimmung verarbeitet werden, und wir aktualisieren sie bei Bedarf.<\/li>\n \t<li>Verarbeitung nur f\u00fcr bestimmte, klare und legitime Zwecke: Ihre personenbezogenen Daten werden nur gem\u00e4\u00df den oben genannten Zwecken und im Rahmen der Gesetze verarbeitet. Jede Verarbeitung von Daten au\u00dferhalb dieser festgelegten Zwecke wird keinesfalls durchgef\u00fchrt.<\/li>\n \t<li>Verbindung, Begrenzung und Ma\u00dfhalten in Bezug auf den Verarbeitungszweck: Ihre personenbezogenen Daten werden nur f\u00fcr die oben genannten Zwecke und in angemessener, begrenzter Weise verwendet.<\/li>\n \t<li>Aufbewahrung f\u00fcr den Zeitraum, der gem\u00e4\u00df den gesetzlichen Bestimmungen oder f\u00fcr den Verarbeitungszweck erforderlich ist: Ihre personenbezogenen Daten werden f\u00fcr die in den gesetzlichen Bestimmungen festgelegten Zeitr\u00e4ume aufbewahrt.<\/li>\n<\/ol>\n<h3 class=\"fusion-responsive-typography-calculated\" data-fontsize=\"24\" data-lineheight=\"40.08px\">7. IHRE RECHTE GEM\u00c4SS DEM DATENSCHUTZGESETZ<\/h3>\nGem\u00e4\u00df dem Gesetz hat jeder das Recht, sich an den Verantwortlichen zu wenden und die folgenden Rechte in Bezug auf sich selbst geltend zu machen. Indem Sie sich an unser Unternehmen wenden, k\u00f6nnen Sie:\n<ol start=\"a\">\n \t<li>Erfahren, ob Ihre personenbezogenen Daten verarbeitet werden,<\/li>\n \t<li>Informationen dar\u00fcber anfordern, ob Ihre personenbezogenen Daten verarbeitet wurden,<\/li>\n \t<li>Den Zweck der Verarbeitung Ihrer personenbezogenen Daten und die Verwendung im Einklang mit diesem Zweck erfahren,<\/li>\n \t<li>Erfahren, an welche Dritten Ihre personenbezogenen Daten im In- oder Ausland \u00fcbermittelt wurden,<\/li>\n \t<li>Die Berichtigung Ihrer personenbezogenen Daten beantragen, wenn diese unvollst\u00e4ndig oder falsch verarbeitet wurden,<\/li>\n \t<li>Die L\u00f6schung oder Vernichtung Ihrer personenbezogenen Daten gem\u00e4\u00df den Bedingungen des Artikels 7 des Gesetzes beantragen,<\/li>\n \t<li>Die Mitteilung der an Dritte \u00fcbermittelten personenbezogenen Daten im Einklang mit den Abs\u00e4tzen (d) und (e) des oben genannten Artikels 7 beantragen,<\/li>\n \t<li>Der Verarbeitung von Daten, die ausschlie\u00dflich durch automatische Systeme analysiert wurden und zu Ihren Ungunsten zu einem Ergebnis gef\u00fchrt haben, widersprechen,<\/li>\n \t<li>Bei Sch\u00e4den aufgrund der rechtswidrigen Verarbeitung Ihrer personenbezogenen Daten die Behebung des Schadens beantragen.<\/li>\n<\/ol>\n<h3 class=\"fusion-responsive-typography-calculated\" data-fontsize=\"24\" data-lineheight=\"40.08px\">8. ANFRAGE GEM\u00c4SS DEM DATENSCHUTZGESETZ<\/h3>\nAlle Anfragen werden wie oben angek\u00fcndigt bearbeitet, wenn das auf der Seite befindliche Formular ausgef\u00fcllt und auf eine der im Antragsformular angegebenen Methoden zur\u00fcckgegriffen wird.\n\nDie Rechte in Bezug auf personenbezogene Daten k\u00f6nnen nur in Bezug auf die Daten der Person ausge\u00fcbt werden, die das Formular ausgef\u00fcllt hat. Anfragen zu Daten von Personen, die nicht diejenigen sind, die das Formular ausgef\u00fcllt haben, werden nicht ber\u00fccksichtigt.\t\t\t\t\t\t\t\t<\/div>\n\t\t\t\t<\/div>\n\t\t\t\t\t<\/div>\n\t\t<\/div>\n\t\t\t\t\t<\/div>\n\t\t<\/section>\n\t\t\t\t<\/div>\n\t\t","protected":false},"excerpt":{"rendered":"<p>BELEUCHTUNGSTEXT ALTIN G\u00d6K TOURISMUSANLAGEN HANDEL UND INDUSTRIE AG (&#8222;ARMONIA HOTEL&#8220; oder &#8222;Unternehmen&#8220;) verarbeitet, speichert und \u00fcbermittelt Ihre personenbezogenen Daten gem\u00e4\u00df dem Gesetz Nr. 6698 \u00fcber den Schutz personenbezogener Daten (&#8222;Gesetz&#8220;) in \u00dcbereinstimmung mit der Bedeutung, die wir der Sicherheit Ihrer [&hellip;]<\/p>\n","protected":false},"author":1,"featured_media":0,"parent":0,"menu_order":0,"comment_status":"closed","ping_status":"closed","template":"","meta":{"footnotes":""},"class_list":["post-16518","page","type-page","status-publish","hentry"],"aioseo_notices":[],"_links":{"self":[{"href":"https:\/\/armonia.holiday\/de\/wp-json\/wp\/v2\/pages\/16518","targetHints":{"allow":["GET"]}}],"collection":[{"href":"https:\/\/armonia.holiday\/de\/wp-json\/wp\/v2\/pages"}],"about":[{"href":"https:\/\/armonia.holiday\/de\/wp-json\/wp\/v2\/types\/page"}],"author":[{"embeddable":true,"href":"https:\/\/armonia.holiday\/de\/wp-json\/wp\/v2\/users\/1"}],"replies":[{"embeddable":true,"href":"https:\/\/armonia.holiday\/de\/wp-json\/wp\/v2\/comments?post=16518"}],"version-history":[{"count":4,"href":"https:\/\/armonia.holiday\/de\/wp-json\/wp\/v2\/pages\/16518\/revisions"}],"predecessor-version":[{"id":16533,"href":"https:\/\/armonia.holiday\/de\/wp-json\/wp\/v2\/pages\/16518\/revisions\/16533"}],"wp:attachment":[{"href":"https:\/\/armonia.holiday\/de\/wp-json\/wp\/v2\/media?parent=16518"}],"curies":[{"name":"wp","href":"https:\/\/api.w.org\/{rel}","templated":true}]}}