{"id":15647,"date":"2023-04-10T12:59:10","date_gmt":"2023-04-10T12:59:10","guid":{"rendered":"https:\/\/armonia.holiday\/bodrumda-gezilecek-yerler\/"},"modified":"2023-12-11T14:15:28","modified_gmt":"2023-12-11T14:15:28","slug":"bodrumda-gezilecek-yerler","status":"publish","type":"page","link":"https:\/\/armonia.holiday\/de\/bodrumda-gezilecek-yerler\/","title":{"rendered":"Sehensw\u00fcrdigkeiten in Bodrum"},"content":{"rendered":"\t\t<div data-elementor-type=\"wp-page\" data-elementor-id=\"15647\" class=\"elementor elementor-15647\">\n\t\t\t\t\t\t<section class=\"elementor-section elementor-top-section elementor-element elementor-element-8016170 elementor-section-full_width elementor-section-height-min-height elementor-section-height-default elementor-section-items-middle\" data-id=\"8016170\" data-element_type=\"section\" data-settings=\"{&quot;background_background&quot;:&quot;classic&quot;,&quot;hoteller_ext_is_background_parallax&quot;:&quot;true&quot;,&quot;hoteller_ext_is_background_parallax_speed&quot;:{&quot;unit&quot;:&quot;px&quot;,&quot;size&quot;:0.1000000000000000055511151231257827021181583404541015625,&quot;sizes&quot;:[]},&quot;hoteller_ext_is_background_on_scroll&quot;:&quot;false&quot;}\">\n\t\t\t\t\t\t\t<div class=\"elementor-background-overlay\"><\/div>\n\t\t\t\t\t\t\t<div class=\"elementor-container elementor-column-gap-default\">\n\t\t\t\t\t<div class=\"elementor-column elementor-col-100 elementor-top-column elementor-element elementor-element-30aa0c6\" data-id=\"30aa0c6\" data-element_type=\"column\" data-settings=\"{&quot;hoteller_ext_link_sidemenu&quot;:&quot;false&quot;,&quot;hoteller_ext_link_fullmenu&quot;:&quot;false&quot;,&quot;hoteller_ext_link_closed_fullmenu&quot;:&quot;false&quot;,&quot;hoteller_ext_is_scrollme&quot;:&quot;false&quot;,&quot;hoteller_ext_is_smoove&quot;:&quot;false&quot;,&quot;hoteller_ext_is_parallax_mouse&quot;:&quot;false&quot;,&quot;hoteller_ext_is_infinite&quot;:&quot;false&quot;,&quot;hoteller_ext_is_fadeout_animation&quot;:&quot;false&quot;,&quot;hoteller_ext_mobile_static&quot;:&quot;false&quot;}\">\n\t\t\t<div class=\"elementor-widget-wrap elementor-element-populated\">\n\t\t\t\t\t\t<div class=\"elementor-element elementor-element-a013757 elementor-widget elementor-widget-heading\" data-id=\"a013757\" data-element_type=\"widget\" data-settings=\"{&quot;hoteller_ext_link_sidemenu&quot;:&quot;false&quot;,&quot;hoteller_ext_link_fullmenu&quot;:&quot;false&quot;,&quot;hoteller_ext_link_closed_fullmenu&quot;:&quot;false&quot;,&quot;hoteller_ext_is_scrollme&quot;:&quot;false&quot;,&quot;hoteller_ext_is_smoove&quot;:&quot;false&quot;,&quot;hoteller_ext_is_parallax_mouse&quot;:&quot;false&quot;,&quot;hoteller_ext_is_infinite&quot;:&quot;false&quot;,&quot;hoteller_ext_is_fadeout_animation&quot;:&quot;false&quot;,&quot;hoteller_ext_mobile_static&quot;:&quot;false&quot;}\" data-widget_type=\"heading.default\">\n\t\t\t\t<div class=\"elementor-widget-container\">\n\t\t\t\t\t<h2 class=\"elementor-heading-title elementor-size-default\">Sehensw\u00fcrdigkeiten in Bodrum<\/h2>\t\t\t\t<\/div>\n\t\t\t\t<\/div>\n\t\t\t\t\t<\/div>\n\t\t<\/div>\n\t\t\t\t\t<\/div>\n\t\t<\/section>\n\t\t\t\t<section class=\"elementor-section elementor-top-section elementor-element elementor-element-a95f955 elementor-section-boxed elementor-section-height-default elementor-section-height-default\" data-id=\"a95f955\" data-element_type=\"section\" data-settings=\"{&quot;hoteller_ext_is_background_parallax&quot;:&quot;false&quot;,&quot;hoteller_ext_is_background_on_scroll&quot;:&quot;false&quot;}\">\n\t\t\t\t\t\t<div class=\"elementor-container elementor-column-gap-default\">\n\t\t\t\t\t<div class=\"elementor-column elementor-col-100 elementor-top-column elementor-element elementor-element-a748deb\" data-id=\"a748deb\" data-element_type=\"column\" data-settings=\"{&quot;hoteller_ext_link_sidemenu&quot;:&quot;false&quot;,&quot;hoteller_ext_link_fullmenu&quot;:&quot;false&quot;,&quot;hoteller_ext_link_closed_fullmenu&quot;:&quot;false&quot;,&quot;hoteller_ext_is_scrollme&quot;:&quot;false&quot;,&quot;hoteller_ext_is_smoove&quot;:&quot;false&quot;,&quot;hoteller_ext_is_parallax_mouse&quot;:&quot;false&quot;,&quot;hoteller_ext_is_infinite&quot;:&quot;false&quot;,&quot;hoteller_ext_is_fadeout_animation&quot;:&quot;false&quot;,&quot;hoteller_ext_mobile_static&quot;:&quot;false&quot;}\">\n\t\t\t<div class=\"elementor-widget-wrap elementor-element-populated\">\n\t\t\t\t\t\t<div class=\"elementor-element elementor-element-ebd070c elementor-widget elementor-widget-text-editor\" data-id=\"ebd070c\" data-element_type=\"widget\" data-settings=\"{&quot;hoteller_ext_link_sidemenu&quot;:&quot;false&quot;,&quot;hoteller_ext_link_fullmenu&quot;:&quot;false&quot;,&quot;hoteller_ext_link_closed_fullmenu&quot;:&quot;false&quot;,&quot;hoteller_ext_is_scrollme&quot;:&quot;false&quot;,&quot;hoteller_ext_is_smoove&quot;:&quot;false&quot;,&quot;hoteller_ext_is_parallax_mouse&quot;:&quot;false&quot;,&quot;hoteller_ext_is_infinite&quot;:&quot;false&quot;,&quot;hoteller_ext_is_fadeout_animation&quot;:&quot;false&quot;,&quot;hoteller_ext_mobile_static&quot;:&quot;false&quot;}\" data-widget_type=\"text-editor.default\">\n\t\t\t\t<div class=\"elementor-widget-container\">\n\t\t\t\t\t\t\t\t\t<p>Bodrum, eine der beliebtesten Touristenziele in der T\u00fcrkei, ist bekannt f\u00fcr seine historische Struktur, wundersch\u00f6nen Str\u00e4nde und Unterhaltungsm\u00f6glichkeiten. Hier sind einige Orte, die Sie in Bodrum besuchen k\u00f6nnen:<\/p><ol><li>Bodrum Castle: Bodrum Castle ist eines der wichtigsten historischen Wahrzeichen der Stadt. Es wurde im 15. Jahrhundert vom Osmanischen Reich erbaut. Das Schloss beherbergt ein Museum und zeigt zahlreiche historische Artefakte.<\/li><li>Antikes Theater: Das antike Theater in Bodrum wurde im 4. Jahrhundert v. Chr. erbaut und bietet Platz f\u00fcr etwa 13.000 Zuschauer. Heutzutage werden hier immer noch Konzerte und Auff\u00fchrungen veranstaltet.<\/li><li>Unterwasserarch\u00e4ologisches Museum Bodrum: Das Unterwasserarch\u00e4ologische Museum Bodrum ist eines der weltweit bedeutendsten Unterwassermuseen. Es zeigt Artefakte, die von antiken Schiffswracks im \u00c4g\u00e4ischen Meer geborgen wurden.<\/li><li>Gumbet Beach: Gumbet Beach ist einer der beliebtesten Str\u00e4nde von Bodrum und lockt Besucher mit seinem sauberen Meer und dem sandigen Ufer an.<\/li><li>Yalikavak: Yalikavak ist eine wundersch\u00f6ne K\u00fcstenstadt in Bodrum. Hier finden Sie Restaurants und Caf\u00e9s, in denen Sie frischen Fisch genie\u00dfen k\u00f6nnen. Der Markt in Yalikavak zieht ebenfalls das Interesse der Besucher auf sich.<\/li><li>Bitez Beach: Ein weiterer beliebter Strand von Bodrum, Bitez Beach, bietet Aktivit\u00e4ten wie Windsurfen und andere Wassersportarten.<\/li><li>Bodrum Marina: Die Bodrum Marina ist einer der wichtigsten H\u00e4fen in Bodrum. Hier finden Sie Luxusyachten und Boote sowie viele Restaurants und Caf\u00e9s.<\/li><li>Gumusluk: Auch unter seinem historischen Namen Myndos bekannt, hat Gumusluk eine reiche Geschichte mit der Herrschaft der Lelegier, Dorer, Perser und Karier. Die historischen \u00dcberreste der antiken Stadt Myndos k\u00f6nnen immer noch in Gumusluk besichtigt werden.<\/li><li>Antike Stadt Pedasa: N\u00f6rdlich von Bodrum gelegen, wurde die antike Stadt Pedasa im 5. Jahrhundert v. Chr. gegr\u00fcndet. Ihre Ruinen haben bis heute \u00fcberlebt und sind f\u00fcr Besucher zug\u00e4nglich.<\/li><li>Karaada: Eine kleine Insel westlich von Bodrum, Karaada ist ein Ort, an dem Sie spazieren gehen, schwimmen und sich sonnen k\u00f6nnen. Dar\u00fcber hinaus gibt es auf der Insel eine kleine Kirche und historische Ruinen.<\/li><\/ol>\t\t\t\t\t\t\t\t<\/div>\n\t\t\t\t<\/div>\n\t\t\t\t\t<\/div>\n\t\t<\/div>\n\t\t\t\t\t<\/div>\n\t\t<\/section>\n\t\t\t\t<\/div>\n\t\t","protected":false},"excerpt":{"rendered":"<p>Sehensw\u00fcrdigkeiten in Bodrum Bodrum, eine der beliebtesten Touristenziele in der T\u00fcrkei, ist bekannt f\u00fcr seine historische Struktur, wundersch\u00f6nen Str\u00e4nde und Unterhaltungsm\u00f6glichkeiten. Hier sind einige Orte, die Sie in Bodrum besuchen k\u00f6nnen: Bodrum Castle: Bodrum Castle ist eines der wichtigsten historischen [&hellip;]<\/p>\n","protected":false},"author":1,"featured_media":0,"parent":0,"menu_order":0,"comment_status":"closed","ping_status":"closed","template":"","meta":{"footnotes":""},"class_list":["post-15647","page","type-page","status-publish","hentry"],"aioseo_notices":[],"_links":{"self":[{"href":"https:\/\/armonia.holiday\/de\/wp-json\/wp\/v2\/pages\/15647","targetHints":{"allow":["GET"]}}],"collection":[{"href":"https:\/\/armonia.holiday\/de\/wp-json\/wp\/v2\/pages"}],"about":[{"href":"https:\/\/armonia.holiday\/de\/wp-json\/wp\/v2\/types\/page"}],"author":[{"embeddable":true,"href":"https:\/\/armonia.holiday\/de\/wp-json\/wp\/v2\/users\/1"}],"replies":[{"embeddable":true,"href":"https:\/\/armonia.holiday\/de\/wp-json\/wp\/v2\/comments?post=15647"}],"version-history":[{"count":4,"href":"https:\/\/armonia.holiday\/de\/wp-json\/wp\/v2\/pages\/15647\/revisions"}],"predecessor-version":[{"id":15815,"href":"https:\/\/armonia.holiday\/de\/wp-json\/wp\/v2\/pages\/15647\/revisions\/15815"}],"wp:attachment":[{"href":"https:\/\/armonia.holiday\/de\/wp-json\/wp\/v2\/media?parent=15647"}],"curies":[{"name":"wp","href":"https:\/\/api.w.org\/{rel}","templated":true}]}}